{"id":52,"date":"2024-08-31T20:04:15","date_gmt":"2024-08-31T18:04:15","guid":{"rendered":"https:\/\/guestrg.cluster027.hosting.ovh.net\/?page_id=52"},"modified":"2026-03-18T14:16:42","modified_gmt":"2026-03-18T13:16:42","slug":"a-propos","status":"publish","type":"page","link":"https:\/\/guest-riviera.fr\/?page_id=52","title":{"rendered":"Contact"},"content":{"rendered":"\r\n<h2>Contact : <a href=\"mailto:contact@guest-riviera.fr\"><strong>contact@guest-riviera.fr<\/strong><\/a><\/h2>\r\n<p>Guest of Riviera est une conciergerie familiale mentonnaise cr\u00e9\u00e9e en 2024.<\/p>\r\n\r\n\r\n\r\n<p>Guest of Riviera propose toute une gamme de services de conciergerie priv\u00e9e aux particuliers et aux entreprises, d\u2019assistance et d\u2019intendance, adapt\u00e9es aux besoins sp\u00e9cifiques des clients.<\/p>\r\n<p>Guest of Riviera propose toute une gamme de services diversifi\u00e9s et sur mesure.<\/p>\r\n<p>De la gestion des locations de courtes dur\u00e9es, saisonni\u00e8res et touristiques, gestion multiplateforme (AirBnB, Booking, Green Go, Vrbo), maintenance pr\u00e9ventive et curative des installations, assistance administrative, organisation d\u2019\u00e9v\u00e9nements,..<\/p>\r\n<p>Notre p\u00e9rim\u00e8tre\u00a0 : Menton, Roquebrune-Cap-Martin, Monaco.<\/p>\r\n\r\n\r\n\r\n\r\n\r\n<p>Pr\u00e9sidente : Isabelle ADOLLE<\/p>\r\n\r\n\r\n\r\n<p>Directeur G\u00e9n\u00e9ral : William ADOLLE<\/p>\r\n\r\n\r\n\r\n<p>SIREN : 931 953 210 R.C.S. Nice<\/p>\r\n\r\n\r\n\r\n\r\n\r\n<p>T\u00e9l\u00e9charger\u00a0 : <a href=\"https:\/\/guest-riviera.fr\/wp-content\/uploads\/2025\/05\/Guest-of-Riviera-Gamme-tarifaire-2025.pdf\">Guest of Riviera &#8211; Gamme tarifaire 2025<\/a><\/p>\r\n","protected":false},"excerpt":{"rendered":"<p>Contact : contact@guest-riviera.fr Guest of Riviera est une conciergerie familiale mentonnaise cr\u00e9\u00e9e en 2024. Guest of Riviera propose toute une gamme de services de conciergerie priv\u00e9e aux particuliers et aux entreprises, d\u2019assistance et d\u2019intendance, adapt\u00e9es aux besoins sp\u00e9cifiques des clients. Guest of Riviera propose toute une gamme de services diversifi\u00e9s et sur mesure. De la &hellip; <\/p>\n<p class=\"link-more\"><a href=\"https:\/\/guest-riviera.fr\/?page_id=52\" class=\"more-link\">Lire la suite de<span class=\"screen-reader-text\">\u00ab\u00a0Contact\u00a0\u00bb<\/span><\/a><\/p>\n","protected":false},"author":1,"featured_media":258,"parent":0,"menu_order":6,"comment_status":"closed","ping_status":"closed","template":"","meta":{"footnotes":""},"class_list":["post-52","page","type-page","status-publish","has-post-thumbnail","hentry"],"_links":{"self":[{"href":"https:\/\/guest-riviera.fr\/index.php?rest_route=\/wp\/v2\/pages\/52","targetHints":{"allow":["GET"]}}],"collection":[{"href":"https:\/\/guest-riviera.fr\/index.php?rest_route=\/wp\/v2\/pages"}],"about":[{"href":"https:\/\/guest-riviera.fr\/index.php?rest_route=\/wp\/v2\/types\/page"}],"author":[{"embeddable":true,"href":"https:\/\/guest-riviera.fr\/index.php?rest_route=\/wp\/v2\/users\/1"}],"replies":[{"embeddable":true,"href":"https:\/\/guest-riviera.fr\/index.php?rest_route=%2Fwp%2Fv2%2Fcomments&post=52"}],"version-history":[{"count":22,"href":"https:\/\/guest-riviera.fr\/index.php?rest_route=\/wp\/v2\/pages\/52\/revisions"}],"predecessor-version":[{"id":380,"href":"https:\/\/guest-riviera.fr\/index.php?rest_route=\/wp\/v2\/pages\/52\/revisions\/380"}],"wp:featuredmedia":[{"embeddable":true,"href":"https:\/\/guest-riviera.fr\/index.php?rest_route=\/wp\/v2\/media\/258"}],"wp:attachment":[{"href":"https:\/\/guest-riviera.fr\/index.php?rest_route=%2Fwp%2Fv2%2Fmedia&parent=52"}],"curies":[{"name":"wp","href":"https:\/\/api.w.org\/{rel}","templated":true}]}}