{"id":342,"date":"2026-03-17T18:16:19","date_gmt":"2026-03-17T17:16:19","guid":{"rendered":"https:\/\/guest-riviera.fr\/?page_id=342"},"modified":"2026-03-25T18:57:08","modified_gmt":"2026-03-25T17:57:08","slug":"roquebrune-village-la-grotte-ivoire","status":"publish","type":"page","link":"https:\/\/guest-riviera.fr\/?page_id=342","title":{"rendered":"Roquebrune Village &#8211; La grotte ivoire"},"content":{"rendered":"<div id='gallery-1' class='gallery galleryid-342 gallery-columns-4 gallery-size-full'><figure class='gallery-item'>\n\t\t\t<div class='gallery-icon portrait'>\n\t\t\t\t<a href='https:\/\/guest-riviera.fr\/wp-content\/uploads\/2026\/03\/IMG_0301-scaled.jpeg'><img loading=\"lazy\" decoding=\"async\" width=\"1920\" height=\"2560\" src=\"https:\/\/guest-riviera.fr\/wp-content\/uploads\/2026\/03\/IMG_0301-scaled.jpeg\" class=\"attachment-full size-full\" alt=\"\" srcset=\"https:\/\/guest-riviera.fr\/wp-content\/uploads\/2026\/03\/IMG_0301-scaled.jpeg 1920w, https:\/\/guest-riviera.fr\/wp-content\/uploads\/2026\/03\/IMG_0301-225x300.jpeg 225w, https:\/\/guest-riviera.fr\/wp-content\/uploads\/2026\/03\/IMG_0301-768x1024.jpeg 768w, https:\/\/guest-riviera.fr\/wp-content\/uploads\/2026\/03\/IMG_0301-2000x2667.jpeg 2000w\" sizes=\"auto, 100vw\" \/><\/a>\n\t\t\t<\/div><\/figure><figure class='gallery-item'>\n\t\t\t<div class='gallery-icon portrait'>\n\t\t\t\t<a href='https:\/\/guest-riviera.fr\/wp-content\/uploads\/2026\/03\/IMG_0318-scaled.jpeg'><img loading=\"lazy\" decoding=\"async\" width=\"1920\" height=\"2560\" src=\"https:\/\/guest-riviera.fr\/wp-content\/uploads\/2026\/03\/IMG_0318-scaled.jpeg\" class=\"attachment-full size-full\" alt=\"\" srcset=\"https:\/\/guest-riviera.fr\/wp-content\/uploads\/2026\/03\/IMG_0318-scaled.jpeg 1920w, https:\/\/guest-riviera.fr\/wp-content\/uploads\/2026\/03\/IMG_0318-225x300.jpeg 225w, https:\/\/guest-riviera.fr\/wp-content\/uploads\/2026\/03\/IMG_0318-768x1024.jpeg 768w, https:\/\/guest-riviera.fr\/wp-content\/uploads\/2026\/03\/IMG_0318-2000x2667.jpeg 2000w\" sizes=\"auto, 100vw\" \/><\/a>\n\t\t\t<\/div><\/figure><figure class='gallery-item'>\n\t\t\t<div class='gallery-icon portrait'>\n\t\t\t\t<a href='https:\/\/guest-riviera.fr\/wp-content\/uploads\/2026\/03\/IMG_0322-scaled.jpeg'><img loading=\"lazy\" decoding=\"async\" width=\"1920\" height=\"2560\" src=\"https:\/\/guest-riviera.fr\/wp-content\/uploads\/2026\/03\/IMG_0322-scaled.jpeg\" class=\"attachment-full size-full\" alt=\"\" srcset=\"https:\/\/guest-riviera.fr\/wp-content\/uploads\/2026\/03\/IMG_0322-scaled.jpeg 1920w, https:\/\/guest-riviera.fr\/wp-content\/uploads\/2026\/03\/IMG_0322-225x300.jpeg 225w, https:\/\/guest-riviera.fr\/wp-content\/uploads\/2026\/03\/IMG_0322-768x1024.jpeg 768w, https:\/\/guest-riviera.fr\/wp-content\/uploads\/2026\/03\/IMG_0322-2000x2667.jpeg 2000w\" sizes=\"auto, 100vw\" \/><\/a>\n\t\t\t<\/div><\/figure><figure class='gallery-item'>\n\t\t\t<div class='gallery-icon portrait'>\n\t\t\t\t<a href='https:\/\/guest-riviera.fr\/wp-content\/uploads\/2026\/03\/IMG_0281-scaled.jpeg'><img loading=\"lazy\" decoding=\"async\" width=\"1920\" height=\"2560\" src=\"https:\/\/guest-riviera.fr\/wp-content\/uploads\/2026\/03\/IMG_0281-scaled.jpeg\" class=\"attachment-full size-full\" alt=\"\" srcset=\"https:\/\/guest-riviera.fr\/wp-content\/uploads\/2026\/03\/IMG_0281-scaled.jpeg 1920w, https:\/\/guest-riviera.fr\/wp-content\/uploads\/2026\/03\/IMG_0281-225x300.jpeg 225w, https:\/\/guest-riviera.fr\/wp-content\/uploads\/2026\/03\/IMG_0281-768x1024.jpeg 768w, https:\/\/guest-riviera.fr\/wp-content\/uploads\/2026\/03\/IMG_0281-2000x2667.jpeg 2000w\" sizes=\"auto, 100vw\" \/><\/a>\n\t\t\t<\/div><\/figure><figure class='gallery-item'>\n\t\t\t<div class='gallery-icon portrait'>\n\t\t\t\t<a href='https:\/\/guest-riviera.fr\/wp-content\/uploads\/2026\/03\/IMG_0290-scaled.jpeg'><img loading=\"lazy\" decoding=\"async\" width=\"1920\" height=\"2560\" src=\"https:\/\/guest-riviera.fr\/wp-content\/uploads\/2026\/03\/IMG_0290-scaled.jpeg\" class=\"attachment-full size-full\" alt=\"\" srcset=\"https:\/\/guest-riviera.fr\/wp-content\/uploads\/2026\/03\/IMG_0290-scaled.jpeg 1920w, https:\/\/guest-riviera.fr\/wp-content\/uploads\/2026\/03\/IMG_0290-225x300.jpeg 225w, https:\/\/guest-riviera.fr\/wp-content\/uploads\/2026\/03\/IMG_0290-768x1024.jpeg 768w, https:\/\/guest-riviera.fr\/wp-content\/uploads\/2026\/03\/IMG_0290-2000x2667.jpeg 2000w\" sizes=\"auto, 100vw\" \/><\/a>\n\t\t\t<\/div><\/figure><figure class='gallery-item'>\n\t\t\t<div class='gallery-icon portrait'>\n\t\t\t\t<a href='https:\/\/guest-riviera.fr\/wp-content\/uploads\/2026\/03\/IMG_0304-scaled.jpeg'><img loading=\"lazy\" decoding=\"async\" width=\"1920\" height=\"2560\" src=\"https:\/\/guest-riviera.fr\/wp-content\/uploads\/2026\/03\/IMG_0304-scaled.jpeg\" class=\"attachment-full size-full\" alt=\"\" srcset=\"https:\/\/guest-riviera.fr\/wp-content\/uploads\/2026\/03\/IMG_0304-scaled.jpeg 1920w, https:\/\/guest-riviera.fr\/wp-content\/uploads\/2026\/03\/IMG_0304-225x300.jpeg 225w, https:\/\/guest-riviera.fr\/wp-content\/uploads\/2026\/03\/IMG_0304-768x1024.jpeg 768w, https:\/\/guest-riviera.fr\/wp-content\/uploads\/2026\/03\/IMG_0304-2000x2667.jpeg 2000w\" sizes=\"auto, 100vw\" \/><\/a>\n\t\t\t<\/div><\/figure><figure class='gallery-item'>\n\t\t\t<div class='gallery-icon portrait'>\n\t\t\t\t<a href='https:\/\/guest-riviera.fr\/wp-content\/uploads\/2026\/03\/IMG_0310-scaled.jpeg'><img loading=\"lazy\" decoding=\"async\" width=\"1920\" height=\"2560\" src=\"https:\/\/guest-riviera.fr\/wp-content\/uploads\/2026\/03\/IMG_0310-scaled.jpeg\" class=\"attachment-full size-full\" alt=\"\" srcset=\"https:\/\/guest-riviera.fr\/wp-content\/uploads\/2026\/03\/IMG_0310-scaled.jpeg 1920w, https:\/\/guest-riviera.fr\/wp-content\/uploads\/2026\/03\/IMG_0310-225x300.jpeg 225w, https:\/\/guest-riviera.fr\/wp-content\/uploads\/2026\/03\/IMG_0310-768x1024.jpeg 768w, https:\/\/guest-riviera.fr\/wp-content\/uploads\/2026\/03\/IMG_0310-2000x2667.jpeg 2000w\" sizes=\"auto, 100vw\" \/><\/a>\n\t\t\t<\/div><\/figure><figure class='gallery-item'>\n\t\t\t<div class='gallery-icon portrait'>\n\t\t\t\t<a href='https:\/\/guest-riviera.fr\/wp-content\/uploads\/2026\/03\/IMG_0295-scaled.jpeg'><img loading=\"lazy\" decoding=\"async\" width=\"1920\" height=\"2560\" src=\"https:\/\/guest-riviera.fr\/wp-content\/uploads\/2026\/03\/IMG_0295-scaled.jpeg\" class=\"attachment-full size-full\" alt=\"\" srcset=\"https:\/\/guest-riviera.fr\/wp-content\/uploads\/2026\/03\/IMG_0295-scaled.jpeg 1920w, https:\/\/guest-riviera.fr\/wp-content\/uploads\/2026\/03\/IMG_0295-225x300.jpeg 225w, https:\/\/guest-riviera.fr\/wp-content\/uploads\/2026\/03\/IMG_0295-768x1024.jpeg 768w, https:\/\/guest-riviera.fr\/wp-content\/uploads\/2026\/03\/IMG_0295-2000x2667.jpeg 2000w\" sizes=\"auto, 100vw\" \/><\/a>\n\t\t\t<\/div><\/figure>\n\t\t<\/div>\n\n<p>Nich\u00e9 dans les ruelles s\u00e9culaires de Roquebrune-Village, La Grotte Ivoire est un studio intimiste et chaleureux qui vous enveloppera d\u00e8s le premier instant. Un refuge douillet taill\u00e9 pour les amoureux, o\u00f9 le temps semble suspendu entre ciel et M\u00e9diterran\u00e9e.<\/p>\n<p>La Grotte Ivoire, c&rsquo;est une atmosph\u00e8re unique \u2014 cosy, enveloppante, comme un \u00e9crin de douceur au c\u0153ur de la pierre ancienne.<br \/>\nLe studio est am\u00e9nag\u00e9 avec soin pour offrir tout le confort n\u00e9cessaire \u00e0 un s\u00e9jour en amoureux r\u00e9ussi : espace chaleureux, et le wifi<\/p>\n<p>Le logement se compose d&rsquo;un espace de vie, d&rsquo;une salle d&rsquo;eau avec une douche, une chambre.<\/p>\n<p>Le logement dispose de 2 couchages : 1 chambre avec un lit double.<\/p>\n<p><img loading=\"lazy\" decoding=\"async\" class=\"alignnone wp-image-362\" src=\"https:\/\/guest-riviera.fr\/wp-content\/uploads\/2026\/03\/icone-wifi-300x300.png\" alt=\"\" width=\"55\" height=\"55\" srcset=\"https:\/\/guest-riviera.fr\/wp-content\/uploads\/2026\/03\/icone-wifi-300x300.png 300w, https:\/\/guest-riviera.fr\/wp-content\/uploads\/2026\/03\/icone-wifi-150x150.png 150w, https:\/\/guest-riviera.fr\/wp-content\/uploads\/2026\/03\/icone-wifi.png 512w\" sizes=\"auto, (max-width: 55px) 100vw, 55px\" \/> \u00a0<img loading=\"lazy\" decoding=\"async\" class=\"alignnone wp-image-374\" src=\"https:\/\/guest-riviera.fr\/wp-content\/uploads\/2026\/03\/icone-smart-TV-300x300.png\" alt=\"\" width=\"51\" height=\"51\" srcset=\"https:\/\/guest-riviera.fr\/wp-content\/uploads\/2026\/03\/icone-smart-TV-300x300.png 300w, https:\/\/guest-riviera.fr\/wp-content\/uploads\/2026\/03\/icone-smart-TV-150x150.png 150w, https:\/\/guest-riviera.fr\/wp-content\/uploads\/2026\/03\/icone-smart-TV.png 512w\" sizes=\"auto, (max-width: 51px) 100vw, 51px\" \/>\u00a0 \u00a0<img loading=\"lazy\" decoding=\"async\" class=\"alignnone wp-image-373\" src=\"https:\/\/guest-riviera.fr\/wp-content\/uploads\/2026\/03\/icone-espresso-300x300.png\" alt=\"\" width=\"59\" height=\"59\" srcset=\"https:\/\/guest-riviera.fr\/wp-content\/uploads\/2026\/03\/icone-espresso-300x300.png 300w, https:\/\/guest-riviera.fr\/wp-content\/uploads\/2026\/03\/icone-espresso-150x150.png 150w, https:\/\/guest-riviera.fr\/wp-content\/uploads\/2026\/03\/icone-espresso.png 512w\" sizes=\"auto, (max-width: 59px) 100vw, 59px\" \/><img loading=\"lazy\" decoding=\"async\" class=\"alignnone wp-image-363\" src=\"https:\/\/guest-riviera.fr\/wp-content\/uploads\/2026\/03\/icone-vaisselle-300x300.png\" alt=\"\" width=\"57\" height=\"57\" srcset=\"https:\/\/guest-riviera.fr\/wp-content\/uploads\/2026\/03\/icone-vaisselle-300x300.png 300w, https:\/\/guest-riviera.fr\/wp-content\/uploads\/2026\/03\/icone-vaisselle-150x150.png 150w, https:\/\/guest-riviera.fr\/wp-content\/uploads\/2026\/03\/icone-vaisselle.png 512w\" sizes=\"auto, (max-width: 57px) 100vw, 57px\" \/><img loading=\"lazy\" decoding=\"async\" class=\"alignnone wp-image-364\" src=\"https:\/\/guest-riviera.fr\/wp-content\/uploads\/2026\/03\/icone-lave-linge-300x300.png\" alt=\"\" width=\"52\" height=\"52\" srcset=\"https:\/\/guest-riviera.fr\/wp-content\/uploads\/2026\/03\/icone-lave-linge-300x300.png 300w, https:\/\/guest-riviera.fr\/wp-content\/uploads\/2026\/03\/icone-lave-linge-150x150.png 150w, https:\/\/guest-riviera.fr\/wp-content\/uploads\/2026\/03\/icone-lave-linge.png 512w\" sizes=\"auto, (max-width: 52px) 100vw, 52px\" \/><\/p>\n<p>Wifi, Lave-vaisselle, Lave-linge, Nespresso, TV Connect\u00e9e,&#8230;<\/p>\n<p>Ce site historique dispose d&rsquo;un parking gratuit de 20h \u00e0 8h00, bornes de recharges pour v\u00e9hicule \u00e9lectrique.<\/p>\n<p>Prix par nuit : \u00e0 partir de 75\u20ac (avec un minimum de 2 nuits)<\/p>\n<p>N`h\u00e9sitez pas \u00e0 nous contacter en direct (pas de frais de site de r\u00e9servation)<\/p>\n<p>&nbsp;<\/p>\n","protected":false},"excerpt":{"rendered":"<p>Nich\u00e9 dans les ruelles s\u00e9culaires de Roquebrune-Village, La Grotte Ivoire est un studio intimiste et chaleureux qui vous enveloppera d\u00e8s le premier instant. Un refuge douillet taill\u00e9 pour les amoureux, o\u00f9 le temps semble suspendu entre ciel et M\u00e9diterran\u00e9e. La Grotte Ivoire, c&rsquo;est une atmosph\u00e8re unique \u2014 cosy, enveloppante, comme un \u00e9crin de douceur au &hellip; <\/p>\n<p class=\"link-more\"><a href=\"https:\/\/guest-riviera.fr\/?page_id=342\" class=\"more-link\">Lire la suite de<span class=\"screen-reader-text\">\u00ab\u00a0Roquebrune Village &#8211; La grotte ivoire\u00a0\u00bb<\/span><\/a><\/p>\n","protected":false},"author":1,"featured_media":0,"parent":0,"menu_order":0,"comment_status":"closed","ping_status":"closed","template":"","meta":{"footnotes":""},"class_list":["post-342","page","type-page","status-publish","hentry"],"_links":{"self":[{"href":"https:\/\/guest-riviera.fr\/index.php?rest_route=\/wp\/v2\/pages\/342","targetHints":{"allow":["GET"]}}],"collection":[{"href":"https:\/\/guest-riviera.fr\/index.php?rest_route=\/wp\/v2\/pages"}],"about":[{"href":"https:\/\/guest-riviera.fr\/index.php?rest_route=\/wp\/v2\/types\/page"}],"author":[{"embeddable":true,"href":"https:\/\/guest-riviera.fr\/index.php?rest_route=\/wp\/v2\/users\/1"}],"replies":[{"embeddable":true,"href":"https:\/\/guest-riviera.fr\/index.php?rest_route=%2Fwp%2Fv2%2Fcomments&post=342"}],"version-history":[{"count":9,"href":"https:\/\/guest-riviera.fr\/index.php?rest_route=\/wp\/v2\/pages\/342\/revisions"}],"predecessor-version":[{"id":409,"href":"https:\/\/guest-riviera.fr\/index.php?rest_route=\/wp\/v2\/pages\/342\/revisions\/409"}],"wp:attachment":[{"href":"https:\/\/guest-riviera.fr\/index.php?rest_route=%2Fwp%2Fv2%2Fmedia&parent=342"}],"curies":[{"name":"wp","href":"https:\/\/api.w.org\/{rel}","templated":true}]}}