{"id":335,"date":"2026-03-17T18:11:28","date_gmt":"2026-03-17T17:11:28","guid":{"rendered":"https:\/\/guest-riviera.fr\/?page_id=335"},"modified":"2026-03-25T18:58:23","modified_gmt":"2026-03-25T17:58:23","slug":"la-maison-jaune","status":"publish","type":"page","link":"https:\/\/guest-riviera.fr\/?page_id=335","title":{"rendered":"Roquebrune Village &#8211; La maison jaune"},"content":{"rendered":"<p>&nbsp;<\/p>\n<div id='gallery-1' class='gallery galleryid-335 gallery-columns-3 gallery-size-full'><figure class='gallery-item'>\n\t\t\t<div class='gallery-icon landscape'>\n\t\t\t\t<a href='https:\/\/guest-riviera.fr\/wp-content\/uploads\/2026\/03\/IMG_0490-scaled.jpeg'><img loading=\"lazy\" decoding=\"async\" width=\"2560\" height=\"1920\" src=\"https:\/\/guest-riviera.fr\/wp-content\/uploads\/2026\/03\/IMG_0490-scaled.jpeg\" class=\"attachment-full size-full\" alt=\"\" aria-describedby=\"gallery-1-385\" srcset=\"https:\/\/guest-riviera.fr\/wp-content\/uploads\/2026\/03\/IMG_0490-scaled.jpeg 2560w, https:\/\/guest-riviera.fr\/wp-content\/uploads\/2026\/03\/IMG_0490-300x225.jpeg 300w, https:\/\/guest-riviera.fr\/wp-content\/uploads\/2026\/03\/IMG_0490-1024x768.jpeg 1024w, https:\/\/guest-riviera.fr\/wp-content\/uploads\/2026\/03\/IMG_0490-2000x1500.jpeg 2000w\" sizes=\"auto, 100vw\" \/><\/a>\n\t\t\t<\/div>\n\t\t\t\t<figcaption class='wp-caption-text gallery-caption' id='gallery-1-385'>\n\t\t\t\tVue panoranique sur Moaco\n\t\t\t\t<\/figcaption><\/figure><figure class='gallery-item'>\n\t\t\t<div class='gallery-icon portrait'>\n\t\t\t\t<a href='https:\/\/guest-riviera.fr\/wp-content\/uploads\/2026\/03\/IMG_0261-scaled.jpeg'><img loading=\"lazy\" decoding=\"async\" width=\"1920\" height=\"2560\" src=\"https:\/\/guest-riviera.fr\/wp-content\/uploads\/2026\/03\/IMG_0261-scaled.jpeg\" class=\"attachment-full size-full\" alt=\"\" srcset=\"https:\/\/guest-riviera.fr\/wp-content\/uploads\/2026\/03\/IMG_0261-scaled.jpeg 1920w, https:\/\/guest-riviera.fr\/wp-content\/uploads\/2026\/03\/IMG_0261-225x300.jpeg 225w, https:\/\/guest-riviera.fr\/wp-content\/uploads\/2026\/03\/IMG_0261-768x1024.jpeg 768w, https:\/\/guest-riviera.fr\/wp-content\/uploads\/2026\/03\/IMG_0261-2000x2667.jpeg 2000w\" sizes=\"auto, 100vw\" \/><\/a>\n\t\t\t<\/div><\/figure><figure class='gallery-item'>\n\t\t\t<div class='gallery-icon portrait'>\n\t\t\t\t<a href='https:\/\/guest-riviera.fr\/wp-content\/uploads\/2026\/03\/IMG_0513-scaled.jpeg'><img loading=\"lazy\" decoding=\"async\" width=\"1920\" height=\"2560\" src=\"https:\/\/guest-riviera.fr\/wp-content\/uploads\/2026\/03\/IMG_0513-scaled.jpeg\" class=\"attachment-full size-full\" alt=\"\" srcset=\"https:\/\/guest-riviera.fr\/wp-content\/uploads\/2026\/03\/IMG_0513-scaled.jpeg 1920w, https:\/\/guest-riviera.fr\/wp-content\/uploads\/2026\/03\/IMG_0513-225x300.jpeg 225w, https:\/\/guest-riviera.fr\/wp-content\/uploads\/2026\/03\/IMG_0513-768x1024.jpeg 768w, https:\/\/guest-riviera.fr\/wp-content\/uploads\/2026\/03\/IMG_0513-2000x2667.jpeg 2000w\" sizes=\"auto, 100vw\" \/><\/a>\n\t\t\t<\/div><\/figure><figure class='gallery-item'>\n\t\t\t<div class='gallery-icon portrait'>\n\t\t\t\t<a href='https:\/\/guest-riviera.fr\/wp-content\/uploads\/2026\/03\/IMG_0238-scaled.jpeg'><img loading=\"lazy\" decoding=\"async\" width=\"1920\" height=\"2560\" src=\"https:\/\/guest-riviera.fr\/wp-content\/uploads\/2026\/03\/IMG_0238-scaled.jpeg\" class=\"attachment-full size-full\" alt=\"\" aria-describedby=\"gallery-1-388\" srcset=\"https:\/\/guest-riviera.fr\/wp-content\/uploads\/2026\/03\/IMG_0238-scaled.jpeg 1920w, https:\/\/guest-riviera.fr\/wp-content\/uploads\/2026\/03\/IMG_0238-225x300.jpeg 225w, https:\/\/guest-riviera.fr\/wp-content\/uploads\/2026\/03\/IMG_0238-768x1024.jpeg 768w, https:\/\/guest-riviera.fr\/wp-content\/uploads\/2026\/03\/IMG_0238-2000x2667.jpeg 2000w\" sizes=\"auto, 100vw\" \/><\/a>\n\t\t\t<\/div>\n\t\t\t\t<figcaption class='wp-caption-text gallery-caption' id='gallery-1-388'>\n\t\t\t\tla cuisine\n\t\t\t\t<\/figcaption><\/figure><figure class='gallery-item'>\n\t\t\t<div class='gallery-icon landscape'>\n\t\t\t\t<a href='https:\/\/guest-riviera.fr\/wp-content\/uploads\/2026\/03\/IMG_0506-scaled.jpeg'><img loading=\"lazy\" decoding=\"async\" width=\"2560\" height=\"1920\" src=\"https:\/\/guest-riviera.fr\/wp-content\/uploads\/2026\/03\/IMG_0506-scaled.jpeg\" class=\"attachment-full size-full\" alt=\"\" aria-describedby=\"gallery-1-389\" srcset=\"https:\/\/guest-riviera.fr\/wp-content\/uploads\/2026\/03\/IMG_0506-scaled.jpeg 2560w, https:\/\/guest-riviera.fr\/wp-content\/uploads\/2026\/03\/IMG_0506-300x225.jpeg 300w, https:\/\/guest-riviera.fr\/wp-content\/uploads\/2026\/03\/IMG_0506-1024x768.jpeg 1024w, https:\/\/guest-riviera.fr\/wp-content\/uploads\/2026\/03\/IMG_0506-2000x1500.jpeg 2000w\" sizes=\"auto, 100vw\" \/><\/a>\n\t\t\t<\/div>\n\t\t\t\t<figcaption class='wp-caption-text gallery-caption' id='gallery-1-389'>\n\t\t\t\tl&rsquo;espace vie\n\t\t\t\t<\/figcaption><\/figure><figure class='gallery-item'>\n\t\t\t<div class='gallery-icon portrait'>\n\t\t\t\t<a href='https:\/\/guest-riviera.fr\/wp-content\/uploads\/2026\/03\/IMG_0259-scaled.jpeg'><img loading=\"lazy\" decoding=\"async\" width=\"1920\" height=\"2560\" src=\"https:\/\/guest-riviera.fr\/wp-content\/uploads\/2026\/03\/IMG_0259-scaled.jpeg\" class=\"attachment-full size-full\" alt=\"\" srcset=\"https:\/\/guest-riviera.fr\/wp-content\/uploads\/2026\/03\/IMG_0259-scaled.jpeg 1920w, https:\/\/guest-riviera.fr\/wp-content\/uploads\/2026\/03\/IMG_0259-225x300.jpeg 225w, https:\/\/guest-riviera.fr\/wp-content\/uploads\/2026\/03\/IMG_0259-768x1024.jpeg 768w, https:\/\/guest-riviera.fr\/wp-content\/uploads\/2026\/03\/IMG_0259-2000x2667.jpeg 2000w\" sizes=\"auto, 100vw\" \/><\/a>\n\t\t\t<\/div><\/figure><figure class='gallery-item'>\n\t\t\t<div class='gallery-icon landscape'>\n\t\t\t\t<a href='https:\/\/guest-riviera.fr\/wp-content\/uploads\/2026\/03\/IMG_0508-scaled.jpeg'><img loading=\"lazy\" decoding=\"async\" width=\"2560\" height=\"1920\" src=\"https:\/\/guest-riviera.fr\/wp-content\/uploads\/2026\/03\/IMG_0508-scaled.jpeg\" class=\"attachment-full size-full\" alt=\"\" srcset=\"https:\/\/guest-riviera.fr\/wp-content\/uploads\/2026\/03\/IMG_0508-scaled.jpeg 2560w, https:\/\/guest-riviera.fr\/wp-content\/uploads\/2026\/03\/IMG_0508-300x225.jpeg 300w, https:\/\/guest-riviera.fr\/wp-content\/uploads\/2026\/03\/IMG_0508-1024x768.jpeg 1024w, https:\/\/guest-riviera.fr\/wp-content\/uploads\/2026\/03\/IMG_0508-2000x1500.jpeg 2000w\" sizes=\"auto, 100vw\" \/><\/a>\n\t\t\t<\/div><\/figure><figure class='gallery-item'>\n\t\t\t<div class='gallery-icon portrait'>\n\t\t\t\t<a href='https:\/\/guest-riviera.fr\/wp-content\/uploads\/2026\/03\/IMG_0244-scaled.jpeg'><img loading=\"lazy\" decoding=\"async\" width=\"1920\" height=\"2560\" src=\"https:\/\/guest-riviera.fr\/wp-content\/uploads\/2026\/03\/IMG_0244-scaled.jpeg\" class=\"attachment-full size-full\" alt=\"\" aria-describedby=\"gallery-1-392\" srcset=\"https:\/\/guest-riviera.fr\/wp-content\/uploads\/2026\/03\/IMG_0244-scaled.jpeg 1920w, https:\/\/guest-riviera.fr\/wp-content\/uploads\/2026\/03\/IMG_0244-225x300.jpeg 225w, https:\/\/guest-riviera.fr\/wp-content\/uploads\/2026\/03\/IMG_0244-768x1024.jpeg 768w, https:\/\/guest-riviera.fr\/wp-content\/uploads\/2026\/03\/IMG_0244-2000x2667.jpeg 2000w\" sizes=\"auto, 100vw\" \/><\/a>\n\t\t\t<\/div>\n\t\t\t\t<figcaption class='wp-caption-text gallery-caption' id='gallery-1-392'>\n\t\t\t\tchambre\n\t\t\t\t<\/figcaption><\/figure><figure class='gallery-item'>\n\t\t\t<div class='gallery-icon portrait'>\n\t\t\t\t<a href='https:\/\/guest-riviera.fr\/wp-content\/uploads\/2026\/03\/IMG_0495-scaled.jpeg'><img loading=\"lazy\" decoding=\"async\" width=\"1920\" height=\"2560\" src=\"https:\/\/guest-riviera.fr\/wp-content\/uploads\/2026\/03\/IMG_0495-scaled.jpeg\" class=\"attachment-full size-full\" alt=\"\" aria-describedby=\"gallery-1-393\" srcset=\"https:\/\/guest-riviera.fr\/wp-content\/uploads\/2026\/03\/IMG_0495-scaled.jpeg 1920w, https:\/\/guest-riviera.fr\/wp-content\/uploads\/2026\/03\/IMG_0495-225x300.jpeg 225w, https:\/\/guest-riviera.fr\/wp-content\/uploads\/2026\/03\/IMG_0495-768x1024.jpeg 768w, https:\/\/guest-riviera.fr\/wp-content\/uploads\/2026\/03\/IMG_0495-2000x2667.jpeg 2000w\" sizes=\"auto, 100vw\" \/><\/a>\n\t\t\t<\/div>\n\t\t\t\t<figcaption class='wp-caption-text gallery-caption' id='gallery-1-393'>\n\t\t\t\tsalle d&rsquo;eau\n\t\t\t\t<\/figcaption><\/figure>\n\t\t<\/div>\n\n<p>&nbsp;<\/p>\n<p>Situ\u00e9 au c\u0153ur de la cit\u00e9 m\u00e9di\u00e9vale de Roquebrune-Cap-Martin, vous profiterez depuis votre appartement de la vue panoramique sur Monaco.<\/p>\n<p>Point central pour d\u00e9couvrir Monaco, Nice, la c\u00e9l\u00e8bre Perle de la France et cit\u00e9 du Citron IGP de Menton, ce logement est le point de d\u00e9part id\u00e9al pour explorer les alentours \u00e0 pied ou en voiture.<\/p>\n<p>Dans ce village enti\u00e8rement pi\u00e9ton, quelques minutes \u00e0 pied et quelques marches vous permettrons d&rsquo;acc\u00e9der \u00e0 cet endroit unique et paisible.<\/p>\n<p>Le logement se compose d&rsquo;un espace de vie, d&rsquo;une salle d&rsquo;eau avec une douche, une chambre.<\/p>\n<p>Le logement dispose de 4 couchages : 1 chambre avec un lit double et un canap\u00e9 convertible.<\/p>\n<p><img loading=\"lazy\" decoding=\"async\" class=\"alignnone wp-image-362\" src=\"https:\/\/guest-riviera.fr\/wp-content\/uploads\/2026\/03\/icone-wifi-300x300.png\" alt=\"\" width=\"55\" height=\"55\" srcset=\"https:\/\/guest-riviera.fr\/wp-content\/uploads\/2026\/03\/icone-wifi-300x300.png 300w, https:\/\/guest-riviera.fr\/wp-content\/uploads\/2026\/03\/icone-wifi-150x150.png 150w, https:\/\/guest-riviera.fr\/wp-content\/uploads\/2026\/03\/icone-wifi.png 512w\" sizes=\"auto, (max-width: 55px) 100vw, 55px\" \/> \u00a0<img loading=\"lazy\" decoding=\"async\" class=\"alignnone wp-image-374\" src=\"https:\/\/guest-riviera.fr\/wp-content\/uploads\/2026\/03\/icone-smart-TV-300x300.png\" alt=\"\" width=\"51\" height=\"51\" srcset=\"https:\/\/guest-riviera.fr\/wp-content\/uploads\/2026\/03\/icone-smart-TV-300x300.png 300w, https:\/\/guest-riviera.fr\/wp-content\/uploads\/2026\/03\/icone-smart-TV-150x150.png 150w, https:\/\/guest-riviera.fr\/wp-content\/uploads\/2026\/03\/icone-smart-TV.png 512w\" sizes=\"auto, (max-width: 51px) 100vw, 51px\" \/>\u00a0 \u00a0<img loading=\"lazy\" decoding=\"async\" class=\"alignnone wp-image-373\" src=\"https:\/\/guest-riviera.fr\/wp-content\/uploads\/2026\/03\/icone-espresso-300x300.png\" alt=\"\" width=\"59\" height=\"59\" srcset=\"https:\/\/guest-riviera.fr\/wp-content\/uploads\/2026\/03\/icone-espresso-300x300.png 300w, https:\/\/guest-riviera.fr\/wp-content\/uploads\/2026\/03\/icone-espresso-150x150.png 150w, https:\/\/guest-riviera.fr\/wp-content\/uploads\/2026\/03\/icone-espresso.png 512w\" sizes=\"auto, (max-width: 59px) 100vw, 59px\" \/> <img loading=\"lazy\" decoding=\"async\" class=\"alignnone wp-image-364\" src=\"https:\/\/guest-riviera.fr\/wp-content\/uploads\/2026\/03\/icone-lave-linge-300x300.png\" alt=\"\" width=\"52\" height=\"52\" srcset=\"https:\/\/guest-riviera.fr\/wp-content\/uploads\/2026\/03\/icone-lave-linge-300x300.png 300w, https:\/\/guest-riviera.fr\/wp-content\/uploads\/2026\/03\/icone-lave-linge-150x150.png 150w, https:\/\/guest-riviera.fr\/wp-content\/uploads\/2026\/03\/icone-lave-linge.png 512w\" sizes=\"auto, (max-width: 52px) 100vw, 52px\" \/> <img loading=\"lazy\" decoding=\"async\" class=\"alignnone wp-image-363\" src=\"https:\/\/guest-riviera.fr\/wp-content\/uploads\/2026\/03\/icone-vaisselle-300x300.png\" alt=\"\" width=\"57\" height=\"57\" srcset=\"https:\/\/guest-riviera.fr\/wp-content\/uploads\/2026\/03\/icone-vaisselle-300x300.png 300w, https:\/\/guest-riviera.fr\/wp-content\/uploads\/2026\/03\/icone-vaisselle-150x150.png 150w, https:\/\/guest-riviera.fr\/wp-content\/uploads\/2026\/03\/icone-vaisselle.png 512w\" sizes=\"auto, (max-width: 57px) 100vw, 57px\" \/> <img loading=\"lazy\" decoding=\"async\" class=\"alignnone wp-image-372\" src=\"https:\/\/guest-riviera.fr\/wp-content\/uploads\/2026\/03\/icone-lave-vaisselle-300x300.png\" alt=\"\" width=\"49\" height=\"49\" srcset=\"https:\/\/guest-riviera.fr\/wp-content\/uploads\/2026\/03\/icone-lave-vaisselle-300x300.png 300w, https:\/\/guest-riviera.fr\/wp-content\/uploads\/2026\/03\/icone-lave-vaisselle-150x150.png 150w, https:\/\/guest-riviera.fr\/wp-content\/uploads\/2026\/03\/icone-lave-vaisselle.png 512w\" sizes=\"auto, (max-width: 49px) 100vw, 49px\" \/><\/p>\n<p>Wifi, Lave-vaisselle, Lave-linge, Nespresso, TV Connect\u00e9e,&#8230;<\/p>\n<p>Ce site historique dispose d&rsquo;un parking gratuit de 20h \u00e0 8h00, bornes de recharges pour v\u00e9hicule \u00e9lectrique.<\/p>\n<p>Prix par nuit : \u00e0 partir de 115\u20ac (avec un minimum de 2 nuits)<\/p>\n<p>N`h\u00e9sitez pas \u00e0 nous contacter en direct (pas de frais de site de r\u00e9servation)<\/p>\n","protected":false},"excerpt":{"rendered":"<p>&nbsp; &nbsp; Situ\u00e9 au c\u0153ur de la cit\u00e9 m\u00e9di\u00e9vale de Roquebrune-Cap-Martin, vous profiterez depuis votre appartement de la vue panoramique sur Monaco. Point central pour d\u00e9couvrir Monaco, Nice, la c\u00e9l\u00e8bre Perle de la France et cit\u00e9 du Citron IGP de Menton, ce logement est le point de d\u00e9part id\u00e9al pour explorer les alentours \u00e0 pied &hellip; <\/p>\n<p class=\"link-more\"><a href=\"https:\/\/guest-riviera.fr\/?page_id=335\" class=\"more-link\">Lire la suite de<span class=\"screen-reader-text\">\u00ab\u00a0Roquebrune Village &#8211; La maison jaune\u00a0\u00bb<\/span><\/a><\/p>\n","protected":false},"author":1,"featured_media":0,"parent":0,"menu_order":0,"comment_status":"closed","ping_status":"closed","template":"","meta":{"footnotes":""},"class_list":["post-335","page","type-page","status-publish","hentry"],"_links":{"self":[{"href":"https:\/\/guest-riviera.fr\/index.php?rest_route=\/wp\/v2\/pages\/335","targetHints":{"allow":["GET"]}}],"collection":[{"href":"https:\/\/guest-riviera.fr\/index.php?rest_route=\/wp\/v2\/pages"}],"about":[{"href":"https:\/\/guest-riviera.fr\/index.php?rest_route=\/wp\/v2\/types\/page"}],"author":[{"embeddable":true,"href":"https:\/\/guest-riviera.fr\/index.php?rest_route=\/wp\/v2\/users\/1"}],"replies":[{"embeddable":true,"href":"https:\/\/guest-riviera.fr\/index.php?rest_route=%2Fwp%2Fv2%2Fcomments&post=335"}],"version-history":[{"count":9,"href":"https:\/\/guest-riviera.fr\/index.php?rest_route=\/wp\/v2\/pages\/335\/revisions"}],"predecessor-version":[{"id":410,"href":"https:\/\/guest-riviera.fr\/index.php?rest_route=\/wp\/v2\/pages\/335\/revisions\/410"}],"wp:attachment":[{"href":"https:\/\/guest-riviera.fr\/index.php?rest_route=%2Fwp%2Fv2%2Fmedia&parent=335"}],"curies":[{"name":"wp","href":"https:\/\/api.w.org\/{rel}","templated":true}]}}