{"id":334,"date":"2026-03-17T18:12:17","date_gmt":"2026-03-17T17:12:17","guid":{"rendered":"https:\/\/guest-riviera.fr\/?page_id=334"},"modified":"2026-03-17T18:41:46","modified_gmt":"2026-03-17T17:41:46","slug":"nos-logements","status":"publish","type":"page","link":"https:\/\/guest-riviera.fr\/?page_id=334","title":{"rendered":"Nos Logements"},"content":{"rendered":"<p><img loading=\"lazy\" decoding=\"async\" class=\"alignnone  wp-image-356\" src=\"https:\/\/guest-riviera.fr\/wp-content\/uploads\/2026\/03\/Vue-panoramique-sur-la-Riviera-francaise-300x200.png\" alt=\"\" width=\"408\" height=\"272\" srcset=\"https:\/\/guest-riviera.fr\/wp-content\/uploads\/2026\/03\/Vue-panoramique-sur-la-Riviera-francaise-300x200.png 300w, https:\/\/guest-riviera.fr\/wp-content\/uploads\/2026\/03\/Vue-panoramique-sur-la-Riviera-francaise-1024x683.png 1024w, https:\/\/guest-riviera.fr\/wp-content\/uploads\/2026\/03\/Vue-panoramique-sur-la-Riviera-francaise.png 1536w\" sizes=\"auto, (max-width: 408px) 100vw, 408px\" \/><\/p>\n<p>Image g\u00e9n\u00e9r\u00e9e par IA<\/p>\n","protected":false},"excerpt":{"rendered":"<p>Image g\u00e9n\u00e9r\u00e9e par IA<\/p>\n","protected":false},"author":1,"featured_media":0,"parent":0,"menu_order":0,"comment_status":"closed","ping_status":"closed","template":"","meta":{"footnotes":""},"class_list":["post-334","page","type-page","status-publish","hentry"],"_links":{"self":[{"href":"https:\/\/guest-riviera.fr\/index.php?rest_route=\/wp\/v2\/pages\/334","targetHints":{"allow":["GET"]}}],"collection":[{"href":"https:\/\/guest-riviera.fr\/index.php?rest_route=\/wp\/v2\/pages"}],"about":[{"href":"https:\/\/guest-riviera.fr\/index.php?rest_route=\/wp\/v2\/types\/page"}],"author":[{"embeddable":true,"href":"https:\/\/guest-riviera.fr\/index.php?rest_route=\/wp\/v2\/users\/1"}],"replies":[{"embeddable":true,"href":"https:\/\/guest-riviera.fr\/index.php?rest_route=%2Fwp%2Fv2%2Fcomments&post=334"}],"version-history":[{"count":4,"href":"https:\/\/guest-riviera.fr\/index.php?rest_route=\/wp\/v2\/pages\/334\/revisions"}],"predecessor-version":[{"id":359,"href":"https:\/\/guest-riviera.fr\/index.php?rest_route=\/wp\/v2\/pages\/334\/revisions\/359"}],"wp:attachment":[{"href":"https:\/\/guest-riviera.fr\/index.php?rest_route=%2Fwp%2Fv2%2Fmedia&parent=334"}],"curies":[{"name":"wp","href":"https:\/\/api.w.org\/{rel}","templated":true}]}}