{"id":286,"date":"2026-01-25T18:34:21","date_gmt":"2026-01-25T17:34:21","guid":{"rendered":"https:\/\/guest-riviera.fr\/?page_id=286"},"modified":"2026-01-25T19:57:59","modified_gmt":"2026-01-25T18:57:59","slug":"pack-serenite-lesprit-tranquille","status":"publish","type":"page","link":"https:\/\/guest-riviera.fr\/?page_id=286","title":{"rendered":"Pack S\u00e9r\u00e9nit\u00e9"},"content":{"rendered":"<h3>L&rsquo;esprit tranquille, <strong>Guest of Riviera<\/strong> s&rsquo;occupe totalement de la gestion de votre appartement.<\/h3>\n<h4>Nous prenons en charge chaque d\u00e9tail afin de vous assurer tranquillit\u00e9 d\u2019esprit et revenus r\u00e9guliers, sans la moindre pr\u00e9occupation<\/h4>\n<h3 class=\"md:w-2\/3\">Services inclus<\/h3>\n<ul>\n<li><span class=\"text-gray-700\">&#8211; Photos professionnelles et optimisation des annonces (multi-plateformes : Air BnB, Booking, Vbro, &#8230;)<\/span><\/li>\n<li><span class=\"text-gray-700\">&#8211; Gestion compl\u00e8te des r\u00e9servations et communication voyageurs<\/span><\/li>\n<li class=\"mt-1 mr-3 flex-shrink-0\"><span class=\"text-gray-700\">&#8211; M\u00e9nage professionnel et gestion du linge entre chaque s\u00e9jour<\/span><\/li>\n<li class=\"mt-1 mr-3 flex-shrink-0\"><span class=\"text-gray-700\">&#8211; Accueil personnalis\u00e9 et remise des cl\u00e9s aux voyageurs<\/span><\/li>\n<li class=\"mt-1 mr-3 flex-shrink-0\">&#8211; Gestion des al\u00e9as rencontr\u00e9s par vos Guests : Assistance 7\/7 jours<\/li>\n<li class=\"mt-1 mr-3 flex-shrink-0\"><span class=\"text-gray-700\">&#8211; Maintenance pr\u00e9ventive et r\u00e9parations d&rsquo;urgence<\/span><\/li>\n<li class=\"mt-1 mr-3 flex-shrink-0\"><span class=\"text-gray-700\">&#8211; Strat\u00e9gie de prix dynamique pour maximiser vos revenus<\/span><\/li>\n<li class=\"mt-1 mr-3 flex-shrink-0\"><span class=\"text-gray-700\">&#8211; Rapport mensuel d\u00e9taill\u00e9 de performance et revenus<\/span><\/li>\n<\/ul>\n<h3 style=\"text-align: center;\"><strong>20% TTC de commission sur vos revenus locatifs<\/strong><\/h3>\n<p style=\"text-align: center;\">Adh\u00e9sion gratuite, commission uniquement sur les revenus g\u00e9n\u00e9r\u00e9s<\/p>\n<p style=\"text-align: center;\">Pas de revenus = Pas de commission<\/p>\n<h4><em>Exemple concret :<\/em><\/h4>\n<div class=\"element element-text displayed_in_1_column\" spellcheck=\"true\">\n<p><em><strong>Location de votre appartement : 7 nuits <\/strong>\u00e0 100\u20ac \/ nuit soit <strong>700\u20ac<\/strong><\/em><\/p>\n<\/div>\n<div class=\"element element-icon icon-md sb-vi-text-center sb-vi-mobile-text-center\">\n<div class=\"element-icon-size-3x color-c-2 element-icon-container\"><em>Frais de gestion :\u00a0<strong>20% du commission &#8211; <\/strong>Soit 20% de 700\u20ac =<strong> 140\u20ac<\/strong><\/em><\/div>\n<\/div>\n<div id=\"container_74899169\" class=\"sb-bloc sb-bloc-level-3 bloc-element-text \">\n<div class=\"element element-text displayed_in_1_column\" spellcheck=\"true\">\n<h4><em><b><span class=\"color-c-2\">Votre revenu locatif net : <\/span><\/b>700\u20ac &#8211; 140\u20ac soit <strong><span class=\"color-c-1\">560\u20ac<\/span><\/strong><\/em><\/h4>\n<\/div>\n<p>A noter : nous bloquons les dates que vous souhaitez car nous n&rsquo;oublions jamais que vous \u00eates chez vous.<\/p>\n<\/div>\n","protected":false},"excerpt":{"rendered":"<p>L&rsquo;esprit tranquille, Guest of Riviera s&rsquo;occupe totalement de la gestion de votre appartement. Nous prenons en charge chaque d\u00e9tail afin de vous assurer tranquillit\u00e9 d\u2019esprit et revenus r\u00e9guliers, sans la moindre pr\u00e9occupation Services inclus &#8211; Photos professionnelles et optimisation des annonces (multi-plateformes : Air BnB, Booking, Vbro, &#8230;) &#8211; Gestion compl\u00e8te des r\u00e9servations et communication &hellip; <\/p>\n<p class=\"link-more\"><a href=\"https:\/\/guest-riviera.fr\/?page_id=286\" class=\"more-link\">Lire la suite de<span class=\"screen-reader-text\">\u00ab\u00a0Pack S\u00e9r\u00e9nit\u00e9\u00a0\u00bb<\/span><\/a><\/p>\n","protected":false},"author":1,"featured_media":292,"parent":0,"menu_order":5,"comment_status":"closed","ping_status":"closed","template":"","meta":{"footnotes":""},"class_list":["post-286","page","type-page","status-publish","has-post-thumbnail","hentry"],"_links":{"self":[{"href":"https:\/\/guest-riviera.fr\/index.php?rest_route=\/wp\/v2\/pages\/286","targetHints":{"allow":["GET"]}}],"collection":[{"href":"https:\/\/guest-riviera.fr\/index.php?rest_route=\/wp\/v2\/pages"}],"about":[{"href":"https:\/\/guest-riviera.fr\/index.php?rest_route=\/wp\/v2\/types\/page"}],"author":[{"embeddable":true,"href":"https:\/\/guest-riviera.fr\/index.php?rest_route=\/wp\/v2\/users\/1"}],"replies":[{"embeddable":true,"href":"https:\/\/guest-riviera.fr\/index.php?rest_route=%2Fwp%2Fv2%2Fcomments&post=286"}],"version-history":[{"count":11,"href":"https:\/\/guest-riviera.fr\/index.php?rest_route=\/wp\/v2\/pages\/286\/revisions"}],"predecessor-version":[{"id":321,"href":"https:\/\/guest-riviera.fr\/index.php?rest_route=\/wp\/v2\/pages\/286\/revisions\/321"}],"wp:featuredmedia":[{"embeddable":true,"href":"https:\/\/guest-riviera.fr\/index.php?rest_route=\/wp\/v2\/media\/292"}],"wp:attachment":[{"href":"https:\/\/guest-riviera.fr\/index.php?rest_route=%2Fwp%2Fv2%2Fmedia&parent=286"}],"curies":[{"name":"wp","href":"https:\/\/api.w.org\/{rel}","templated":true}]}}