{"id":270,"date":"2025-12-26T11:47:16","date_gmt":"2025-12-26T10:47:16","guid":{"rendered":"https:\/\/guest-riviera.fr\/?page_id=270"},"modified":"2026-01-25T19:49:18","modified_gmt":"2026-01-25T18:49:18","slug":"prestations","status":"publish","type":"page","link":"https:\/\/guest-riviera.fr\/?page_id=270","title":{"rendered":"Nos Services"},"content":{"rendered":"<p><a href=\"https:\/\/guest-riviera.fr\/?page_id=126\">Pack Accompagnement<\/a><\/p>\n<p><a href=\"https:\/\/guest-riviera.fr\/?page_id=137\">Pack Bienvenu<\/a><\/p>\n<p><a href=\"https:\/\/guest-riviera.fr\/?page_id=139\">Pack Riviera<\/a><\/p>\n<p><a href=\"https:\/\/guest-riviera.fr\/?page_id=139\">Pack Guest<\/a><\/p>\n<p><a href=\"https:\/\/guest-riviera.fr\/?page_id=147\">Pack VIP<\/a><\/p>\n<p><a href=\"https:\/\/guest-riviera.fr\/?page_id=286\">Pack S\u00e9r\u00e9nit\u00e9<\/a><\/p>\n<p><a href=\"https:\/\/guest-riviera.fr\/?page_id=149\">Sur Devis<\/a><\/p>\n","protected":false},"excerpt":{"rendered":"<p>Pack Accompagnement Pack Bienvenu Pack Riviera Pack Guest Pack VIP Pack S\u00e9r\u00e9nit\u00e9 Sur Devis<\/p>\n","protected":false},"author":1,"featured_media":0,"parent":0,"menu_order":0,"comment_status":"closed","ping_status":"closed","template":"","meta":{"footnotes":""},"class_list":["post-270","page","type-page","status-publish","hentry"],"_links":{"self":[{"href":"https:\/\/guest-riviera.fr\/index.php?rest_route=\/wp\/v2\/pages\/270","targetHints":{"allow":["GET"]}}],"collection":[{"href":"https:\/\/guest-riviera.fr\/index.php?rest_route=\/wp\/v2\/pages"}],"about":[{"href":"https:\/\/guest-riviera.fr\/index.php?rest_route=\/wp\/v2\/types\/page"}],"author":[{"embeddable":true,"href":"https:\/\/guest-riviera.fr\/index.php?rest_route=\/wp\/v2\/users\/1"}],"replies":[{"embeddable":true,"href":"https:\/\/guest-riviera.fr\/index.php?rest_route=%2Fwp%2Fv2%2Fcomments&post=270"}],"version-history":[{"count":15,"href":"https:\/\/guest-riviera.fr\/index.php?rest_route=\/wp\/v2\/pages\/270\/revisions"}],"predecessor-version":[{"id":313,"href":"https:\/\/guest-riviera.fr\/index.php?rest_route=\/wp\/v2\/pages\/270\/revisions\/313"}],"wp:attachment":[{"href":"https:\/\/guest-riviera.fr\/index.php?rest_route=%2Fwp%2Fv2%2Fmedia&parent=270"}],"curies":[{"name":"wp","href":"https:\/\/api.w.org\/{rel}","templated":true}]}}