{"id":260,"date":"2025-12-26T11:13:31","date_gmt":"2025-12-26T10:13:31","guid":{"rendered":"https:\/\/guest-riviera.fr\/?page_id=260"},"modified":"2026-03-18T14:13:11","modified_gmt":"2026-03-18T13:13:11","slug":"pourquoi-utiliser-les-services-dune-conciergerie","status":"publish","type":"page","link":"https:\/\/guest-riviera.fr\/?page_id=260","title":{"rendered":"Pourquoi utiliser les services d\u2019une conciergerie ?"},"content":{"rendered":"<h4>Une conciergerie vous permet de ne pas vous \u00e9puiser physiquement, moralement, et\/ou de louer \u00e0 distance.<\/h4>\n<p>Une conciergerie n\u2019est pas qu&rsquo;une question de m\u00e9nage, de Check In\/ Check Out.<\/p>\n<p>Une conciergerie vous apporte l\u2019exp\u00e9rience, la tranquillit\u00e9 et de la s\u00e9r\u00e9nit\u00e9.<\/p>\n<p>Guest of Riviera, c\u2019est plus qu\u2019un service, c\u2019est un vrai partenaire, qui g\u00e8re votre bien comme si c\u2019\u00e9tait le sien.<\/p>\n<p>Ainsi, vous aurez plus de temps libre, moins de stress et surtout des voyageurs heureux, de meilleures \u00e9valuations, plus de locations et avec un meilleur de rendement.<\/p>\n<p>Guest of Riviera vous accompagne de Menton \u00e0 Monaco.<\/p>\n<p style=\"text-align: right;\"><img loading=\"lazy\" decoding=\"async\" class=\" wp-image-261 aligncenter\" src=\"https:\/\/guest-riviera.fr\/wp-content\/uploads\/2025\/12\/Concierge-de-Luxe-sur-la-Riviera-300x200.png\" alt=\"\" width=\"1024\" height=\"683\" srcset=\"https:\/\/guest-riviera.fr\/wp-content\/uploads\/2025\/12\/Concierge-de-Luxe-sur-la-Riviera-300x200.png 300w, https:\/\/guest-riviera.fr\/wp-content\/uploads\/2025\/12\/Concierge-de-Luxe-sur-la-Riviera-1024x683.png 1024w, https:\/\/guest-riviera.fr\/wp-content\/uploads\/2025\/12\/Concierge-de-Luxe-sur-la-Riviera.png 1536w\" sizes=\"auto, (max-width: 1024px) 100vw, 1024px\" \/><\/p>\n<p>&nbsp;<\/p>\n","protected":false},"excerpt":{"rendered":"<p>Une conciergerie vous permet de ne pas vous \u00e9puiser physiquement, moralement, et\/ou de louer \u00e0 distance. Une conciergerie n\u2019est pas qu&rsquo;une question de m\u00e9nage, de Check In\/ Check Out. Une conciergerie vous apporte l\u2019exp\u00e9rience, la tranquillit\u00e9 et de la s\u00e9r\u00e9nit\u00e9. Guest of Riviera, c\u2019est plus qu\u2019un service, c\u2019est un vrai partenaire, qui g\u00e8re votre bien &hellip; <\/p>\n<p class=\"link-more\"><a href=\"https:\/\/guest-riviera.fr\/?page_id=260\" class=\"more-link\">Lire la suite de<span class=\"screen-reader-text\">\u00ab\u00a0Pourquoi utiliser les services d\u2019une conciergerie ?\u00a0\u00bb<\/span><\/a><\/p>\n","protected":false},"author":1,"featured_media":0,"parent":0,"menu_order":0,"comment_status":"closed","ping_status":"closed","template":"","meta":{"footnotes":""},"class_list":["post-260","page","type-page","status-publish","hentry"],"_links":{"self":[{"href":"https:\/\/guest-riviera.fr\/index.php?rest_route=\/wp\/v2\/pages\/260","targetHints":{"allow":["GET"]}}],"collection":[{"href":"https:\/\/guest-riviera.fr\/index.php?rest_route=\/wp\/v2\/pages"}],"about":[{"href":"https:\/\/guest-riviera.fr\/index.php?rest_route=\/wp\/v2\/types\/page"}],"author":[{"embeddable":true,"href":"https:\/\/guest-riviera.fr\/index.php?rest_route=\/wp\/v2\/users\/1"}],"replies":[{"embeddable":true,"href":"https:\/\/guest-riviera.fr\/index.php?rest_route=%2Fwp%2Fv2%2Fcomments&post=260"}],"version-history":[{"count":7,"href":"https:\/\/guest-riviera.fr\/index.php?rest_route=\/wp\/v2\/pages\/260\/revisions"}],"predecessor-version":[{"id":379,"href":"https:\/\/guest-riviera.fr\/index.php?rest_route=\/wp\/v2\/pages\/260\/revisions\/379"}],"wp:attachment":[{"href":"https:\/\/guest-riviera.fr\/index.php?rest_route=%2Fwp%2Fv2%2Fmedia&parent=260"}],"curies":[{"name":"wp","href":"https:\/\/api.w.org\/{rel}","templated":true}]}}