{"id":149,"date":"2025-05-20T15:58:38","date_gmt":"2025-05-20T13:58:38","guid":{"rendered":"https:\/\/guest-riviera.fr\/?page_id=149"},"modified":"2025-05-20T17:41:57","modified_gmt":"2025-05-20T15:41:57","slug":"sur-devis","status":"publish","type":"page","link":"https:\/\/guest-riviera.fr\/?page_id=149","title":{"rendered":"Sur devis"},"content":{"rendered":"<p style=\"text-align: center;\"><strong><em>A\u00e9roport, Taxi, <\/em><em>VTC, <\/em><em>Livraison de bagages<\/em><\/strong><\/p>\n<p style=\"text-align: center;\"><strong><em>Shopping, Visites, <\/em><em>Fleurs, Anniversaire<\/em><\/strong><\/p>\n<p style=\"text-align: center;\"><strong><em>Traiteur, petit d\u00e9jeun\u00e9 continental ou \u00e0 la fran\u00e7aise<\/em><\/strong><\/p>\n<p style=\"text-align: center;\"><strong><em>Plages priv\u00e9es, <\/em><em>Jet Ski<\/em><\/strong><\/p>\n<p style=\"text-align: center;\"><strong><em>&#8230;<\/em><\/strong><\/p>\n","protected":false},"excerpt":{"rendered":"<p>A\u00e9roport, Taxi, VTC, Livraison de bagages Shopping, Visites, Fleurs, Anniversaire Traiteur, petit d\u00e9jeun\u00e9 continental ou \u00e0 la fran\u00e7aise Plages priv\u00e9es, Jet Ski &#8230;<\/p>\n","protected":false},"author":1,"featured_media":0,"parent":0,"menu_order":5,"comment_status":"closed","ping_status":"closed","template":"","meta":{"footnotes":""},"class_list":["post-149","page","type-page","status-publish","hentry"],"_links":{"self":[{"href":"https:\/\/guest-riviera.fr\/index.php?rest_route=\/wp\/v2\/pages\/149","targetHints":{"allow":["GET"]}}],"collection":[{"href":"https:\/\/guest-riviera.fr\/index.php?rest_route=\/wp\/v2\/pages"}],"about":[{"href":"https:\/\/guest-riviera.fr\/index.php?rest_route=\/wp\/v2\/types\/page"}],"author":[{"embeddable":true,"href":"https:\/\/guest-riviera.fr\/index.php?rest_route=\/wp\/v2\/users\/1"}],"replies":[{"embeddable":true,"href":"https:\/\/guest-riviera.fr\/index.php?rest_route=%2Fwp%2Fv2%2Fcomments&post=149"}],"version-history":[{"count":7,"href":"https:\/\/guest-riviera.fr\/index.php?rest_route=\/wp\/v2\/pages\/149\/revisions"}],"predecessor-version":[{"id":248,"href":"https:\/\/guest-riviera.fr\/index.php?rest_route=\/wp\/v2\/pages\/149\/revisions\/248"}],"wp:attachment":[{"href":"https:\/\/guest-riviera.fr\/index.php?rest_route=%2Fwp%2Fv2%2Fmedia&parent=149"}],"curies":[{"name":"wp","href":"https:\/\/api.w.org\/{rel}","templated":true}]}}