{"id":139,"date":"2025-05-20T15:32:49","date_gmt":"2025-05-20T13:32:49","guid":{"rendered":"https:\/\/guest-riviera.fr\/?page_id=139"},"modified":"2026-01-26T19:52:03","modified_gmt":"2026-01-26T18:52:03","slug":"pack-riviera","status":"publish","type":"page","link":"https:\/\/guest-riviera.fr\/?page_id=139","title":{"rendered":"Pack Riviera"},"content":{"rendered":"<table cellspacing=\"0\" cellpadding=\"0\">\n<tbody>\n<tr>\n<td valign=\"top\"><\/td>\n<\/tr>\n<tr>\n<td valign=\"top\">\n<h4 style=\"text-align: center;\" align=\"center\"><span style=\"color: #000000; font-family: Apple Chancery; font-size: medium;\">Service de nettoyage professionnel et gestion des linges<\/span><\/h4>\n<\/td>\n<\/tr>\n<tr>\n<td valign=\"top\">\n<h4 style=\"text-align: center;\" align=\"center\"><span style=\"color: #000000; font-family: Apple Chancery; font-size: medium;\">Check Out \/ Check In de 9h \u00e0 19h (Gestion des cl\u00e9s)<br \/>\nArriv\u00e9e tardive et\/ou d\u00e9part anticip\u00e9<\/span><\/h4>\n<\/td>\n<\/tr>\n<tr>\n<td valign=\"top\">\n<h4 style=\"text-align: center;\" align=\"center\"><span style=\"color: #000000; font-family: Apple Chancery; font-size: medium;\">R\u00e9approvisionnement des consommables<br \/>\n(Savon lave-main, liquide vaisselle, Papier Toilette\u2026)<\/span><\/h4>\n<\/td>\n<\/tr>\n<tr>\n<td valign=\"top\">\n<h4 style=\"text-align: center;\" align=\"center\"><strong><span style=\"color: #000000; font-family: Apple Chancery; font-size: medium;\">Kit de bienvenu \/ personne<br \/>\nBouteille d\u2019eau<span class=\"Apple-converted-space\">\u00a0 <\/span>25cl<span class=\"Apple-converted-space\">\u00a0 <\/span>&#8211;<span class=\"Apple-converted-space\">\u00a0 <\/span>Gel douche &#8211; Mignardises<br \/>\nCapsules de caf\u00e9 \/ Sachets de th\u00e9<\/span><\/strong><\/h4>\n<\/td>\n<\/tr>\n<tr>\n<td valign=\"top\">\n<h4 style=\"text-align: center;\"><strong><span style=\"color: #000000; font-family: Apple Chancery; font-size: medium;\">Assistance physique ou t\u00e9l\u00e9phonique :<br \/>\nJours 5\/7 &#8211; Ma \u00e0 Sa de 9h \u00e0 19h<\/span><\/strong><\/h4>\n<\/td>\n<\/tr>\n<tr>\n<td valign=\"top\">\n<h4 style=\"text-align: center;\" align=\"center\"><span style=\"color: #000000; font-family: Apple Chancery; font-size: medium;\">Check Out &#8211; Compte rendu photo pour \u00e9valuation voyageurs<\/span><\/h4>\n<h3 style=\"text-align: center;\"><strong>Prix TTC : 85\u20ac<\/strong> \/ Location<\/h3>\n<p style=\"text-align: center;\">(Sur la base d\u2019un studio ou 2 pi\u00e8ces &amp; jusqu\u2019\u00e0 4 personnes)<\/p>\n<\/td>\n<\/tr>\n<\/tbody>\n<\/table>\n<p style=\"text-align: center;\">\n","protected":false},"excerpt":{"rendered":"<p>Service de nettoyage professionnel et gestion des linges Check Out \/ Check In de 9h \u00e0 19h (Gestion des cl\u00e9s) Arriv\u00e9e tardive et\/ou d\u00e9part anticip\u00e9 R\u00e9approvisionnement des consommables (Savon lave-main, liquide vaisselle, Papier Toilette\u2026) Kit de bienvenu \/ personne Bouteille d\u2019eau\u00a0 25cl\u00a0 &#8211;\u00a0 Gel douche &#8211; Mignardises Capsules de caf\u00e9 \/ Sachets de th\u00e9 Assistance &hellip; <\/p>\n<p class=\"link-more\"><a href=\"https:\/\/guest-riviera.fr\/?page_id=139\" class=\"more-link\">Lire la suite de<span class=\"screen-reader-text\">\u00ab\u00a0Pack Riviera\u00a0\u00bb<\/span><\/a><\/p>\n","protected":false},"author":1,"featured_media":331,"parent":0,"menu_order":2,"comment_status":"closed","ping_status":"closed","template":"","meta":{"footnotes":""},"class_list":["post-139","page","type-page","status-publish","has-post-thumbnail","hentry"],"_links":{"self":[{"href":"https:\/\/guest-riviera.fr\/index.php?rest_route=\/wp\/v2\/pages\/139","targetHints":{"allow":["GET"]}}],"collection":[{"href":"https:\/\/guest-riviera.fr\/index.php?rest_route=\/wp\/v2\/pages"}],"about":[{"href":"https:\/\/guest-riviera.fr\/index.php?rest_route=\/wp\/v2\/types\/page"}],"author":[{"embeddable":true,"href":"https:\/\/guest-riviera.fr\/index.php?rest_route=\/wp\/v2\/users\/1"}],"replies":[{"embeddable":true,"href":"https:\/\/guest-riviera.fr\/index.php?rest_route=%2Fwp%2Fv2%2Fcomments&post=139"}],"version-history":[{"count":10,"href":"https:\/\/guest-riviera.fr\/index.php?rest_route=\/wp\/v2\/pages\/139\/revisions"}],"predecessor-version":[{"id":316,"href":"https:\/\/guest-riviera.fr\/index.php?rest_route=\/wp\/v2\/pages\/139\/revisions\/316"}],"wp:featuredmedia":[{"embeddable":true,"href":"https:\/\/guest-riviera.fr\/index.php?rest_route=\/wp\/v2\/media\/331"}],"wp:attachment":[{"href":"https:\/\/guest-riviera.fr\/index.php?rest_route=%2Fwp%2Fv2%2Fmedia&parent=139"}],"curies":[{"name":"wp","href":"https:\/\/api.w.org\/{rel}","templated":true}]}}